{"id":429,"date":"2020-11-26T12:02:41","date_gmt":"2020-11-26T11:02:41","guid":{"rendered":"https:\/\/svarc.sk\/cennik\/"},"modified":"2021-02-05T14:52:59","modified_gmt":"2021-02-05T13:52:59","slug":"cennik","status":"publish","type":"page","link":"https:\/\/svarc.sk\/en\/cennik\/","title":{"rendered":"Cenn\u00edk"},"content":{"rendered":"","protected":false},"excerpt":{"rendered":"","protected":false},"author":1,"featured_media":0,"parent":0,"menu_order":0,"comment_status":"closed","ping_status":"closed","template":"template-price-list.php","meta":{"_monsterinsights_skip_tracking":false,"_monsterinsights_sitenote_active":false,"_monsterinsights_sitenote_note":"","_monsterinsights_sitenote_category":0,"footnotes":""},"class_list":["post-429","page","type-page","status-publish","hentry"],"yoast_head":"<!-- This site is optimized with the Yoast SEO plugin v23.6 - https:\/\/yoast.com\/wordpress\/plugins\/seo\/ -->\n<title>Cenn\u00edk - \u0160varc | Zubn\u00e1 klinika<\/title>\n<meta name=\"robots\" content=\"index, follow, max-snippet:-1, max-image-preview:large, max-video-preview:-1\" \/>\n<link rel=\"canonical\" href=\"https:\/\/svarc.sk\/en\/cennik\/\" \/>\n<meta property=\"og:locale\" content=\"en_US\" \/>\n<meta property=\"og:type\" content=\"article\" \/>\n<meta property=\"og:title\" content=\"Cenn\u00edk - \u0160varc | Zubn\u00e1 klinika\" \/>\n<meta property=\"og:url\" content=\"https:\/\/svarc.sk\/cennik\/\" \/>\n<meta property=\"og:site_name\" content=\"\u0160varc | Zubn\u00e1 klinika\" \/>\n<meta property=\"article:modified_time\" content=\"2021-02-05T13:52:59+00:00\" \/>\n<meta name=\"twitter:card\" content=\"summary_large_image\" \/>\n<script type=\"application\/ld+json\" class=\"yoast-schema-graph\">{\"@context\":\"https:\/\/schema.org\",\"@graph\":[{\"@type\":\"WebPage\",\"@id\":\"https:\/\/svarc.sk\/cennik\/\",\"url\":\"https:\/\/svarc.sk\/cennik\/\",\"name\":\"Cenn\u00edk - \u0160varc | Zubn\u00e1 klinika\",\"isPartOf\":{\"@id\":\"https:\/\/svarc.sk\/#website\"},\"datePublished\":\"2020-11-26T11:02:41+00:00\",\"dateModified\":\"2021-02-05T13:52:59+00:00\",\"inLanguage\":\"en-US\",\"potentialAction\":[{\"@type\":\"ReadAction\",\"target\":[\"https:\/\/svarc.sk\/cennik\/\"]}]},{\"@type\":\"WebSite\",\"@id\":\"https:\/\/svarc.sk\/#website\",\"url\":\"https:\/\/svarc.sk\/\",\"name\":\"\u0160varc | Zubn\u00e1 klinika\",\"description\":\"\u0160varc | Zubn\u00e1 klinika\",\"potentialAction\":[{\"@type\":\"SearchAction\",\"target\":{\"@type\":\"EntryPoint\",\"urlTemplate\":\"https:\/\/svarc.sk\/?s={search_term_string}\"},\"query-input\":{\"@type\":\"PropertyValueSpecification\",\"valueRequired\":true,\"valueName\":\"search_term_string\"}}],\"inLanguage\":\"en-US\"}]}<\/script>\n<!-- \/ Yoast SEO plugin. -->","yoast_head_json":{"title":"Cenn\u00edk - \u0160varc | Zubn\u00e1 klinika","robots":{"index":"index","follow":"follow","max-snippet":"max-snippet:-1","max-image-preview":"max-image-preview:large","max-video-preview":"max-video-preview:-1"},"canonical":"https:\/\/svarc.sk\/en\/cennik\/","og_locale":"en_US","og_type":"article","og_title":"Cenn\u00edk - \u0160varc | Zubn\u00e1 klinika","og_url":"https:\/\/svarc.sk\/cennik\/","og_site_name":"\u0160varc | Zubn\u00e1 klinika","article_modified_time":"2021-02-05T13:52:59+00:00","twitter_card":"summary_large_image","schema":{"@context":"https:\/\/schema.org","@graph":[{"@type":"WebPage","@id":"https:\/\/svarc.sk\/cennik\/","url":"https:\/\/svarc.sk\/cennik\/","name":"Cenn\u00edk - \u0160varc | Zubn\u00e1 klinika","isPartOf":{"@id":"https:\/\/svarc.sk\/#website"},"datePublished":"2020-11-26T11:02:41+00:00","dateModified":"2021-02-05T13:52:59+00:00","inLanguage":"en-US","potentialAction":[{"@type":"ReadAction","target":["https:\/\/svarc.sk\/cennik\/"]}]},{"@type":"WebSite","@id":"https:\/\/svarc.sk\/#website","url":"https:\/\/svarc.sk\/","name":"\u0160varc | Zubn\u00e1 klinika","description":"\u0160varc | Zubn\u00e1 klinika","potentialAction":[{"@type":"SearchAction","target":{"@type":"EntryPoint","urlTemplate":"https:\/\/svarc.sk\/?s={search_term_string}"},"query-input":{"@type":"PropertyValueSpecification","valueRequired":true,"valueName":"search_term_string"}}],"inLanguage":"en-US"}]}},"_links":{"self":[{"href":"https:\/\/svarc.sk\/en\/wp-json\/wp\/v2\/pages\/429","targetHints":{"allow":["GET"]}}],"collection":[{"href":"https:\/\/svarc.sk\/en\/wp-json\/wp\/v2\/pages"}],"about":[{"href":"https:\/\/svarc.sk\/en\/wp-json\/wp\/v2\/types\/page"}],"author":[{"embeddable":true,"href":"https:\/\/svarc.sk\/en\/wp-json\/wp\/v2\/users\/1"}],"replies":[{"embeddable":true,"href":"https:\/\/svarc.sk\/en\/wp-json\/wp\/v2\/comments?post=429"}],"version-history":[{"count":1,"href":"https:\/\/svarc.sk\/en\/wp-json\/wp\/v2\/pages\/429\/revisions"}],"predecessor-version":[{"id":430,"href":"https:\/\/svarc.sk\/en\/wp-json\/wp\/v2\/pages\/429\/revisions\/430"}],"wp:attachment":[{"href":"https:\/\/svarc.sk\/en\/wp-json\/wp\/v2\/media?parent=429"}],"curies":[{"name":"wp","href":"https:\/\/api.w.org\/{rel}","templated":true}]}}